{"id":85,"date":"2021-07-01T12:01:07","date_gmt":"2021-07-01T15:01:07","guid":{"rendered":"http:\/\/canaldedenuncia.stamotors.com.br\/?page_id=85"},"modified":"2025-11-04T10:59:44","modified_gmt":"2025-11-04T13:59:44","slug":"programa-compliance","status":"publish","type":"page","link":"https:\/\/canaldedenuncia.stamotors.com.br\/index.php\/programa-compliance\/","title":{"rendered":"Programa Compliance"},"content":{"rendered":"\t\t<div data-elementor-type=\"wp-page\" data-elementor-id=\"85\" class=\"elementor elementor-85\" data-elementor-settings=\"[]\">\n\t\t\t\t\t\t\t<div class=\"elementor-section-wrap\">\n\t\t\t\t\t\t\t<section class=\"elementor-section elementor-top-section elementor-element elementor-element-73dedcc elementor-section-boxed elementor-section-height-default elementor-section-height-default\" data-id=\"73dedcc\" data-element_type=\"section\" data-settings=\"{&quot;scisco_shape_divider_top&quot;:&quot;none&quot;,&quot;scisco_shape_divider_bottom&quot;:&quot;none&quot;}\">\n\t\t\t\t\t\t<div class=\"elementor-container elementor-column-gap-default\">\n\t\t\t\t\t<div class=\"elementor-column elementor-col-100 elementor-top-column elementor-element elementor-element-00fa2ef\" data-id=\"00fa2ef\" data-element_type=\"column\">\n\t\t\t<div class=\"elementor-widget-wrap elementor-element-populated\">\n\t\t\t\t\t\t\t\t<div class=\"elementor-element elementor-element-07747cb elementor-widget elementor-widget-heading\" data-id=\"07747cb\" data-element_type=\"widget\" data-widget_type=\"heading.default\">\n\t\t\t\t<div class=\"elementor-widget-container\">\n\t\t\t<h2 class=\"elementor-heading-title elementor-size-default\">Programa Compliance<\/h2>\t\t<\/div>\n\t\t\t\t<\/div>\n\t\t\t\t<div class=\"elementor-element elementor-element-d2a3371 elementor-widget elementor-widget-text-editor\" data-id=\"d2a3371\" data-element_type=\"widget\" data-widget_type=\"text-editor.default\">\n\t\t\t\t<div class=\"elementor-widget-container\">\n\t\t\t\t\t\t\t\t<p>\u00a0 \u00a0 \u00a0 \u00a0 \u00a0Considerando os valores do Grupo A. C\u00e2ndido apresentamos o C\u00f3digo de \u00c9tica e Conduta, sendo a principal norma interna de respeito pelos valores sociais e pelo cumprimento da legalidade e da preven\u00e7\u00e3o de infra\u00e7\u00f5es. Nele consta os nossos princ\u00edpios gerais:<\/p>\t\t\t\t\t\t<\/div>\n\t\t\t\t<\/div>\n\t\t\t\t<div class=\"elementor-element elementor-element-e0c50d2 elementor-widget elementor-widget-text-editor\" data-id=\"e0c50d2\" data-element_type=\"widget\" data-widget_type=\"text-editor.default\">\n\t\t\t\t<div class=\"elementor-widget-container\">\n\t\t\t\t\t\t\t\t<ul><li><p>Conflitos de Interesse<\/p><\/li><li><p>M\u00eddias Sociais<\/p><\/li><li><p>Seguran\u00e7a da Informa\u00e7\u00e3o<\/p><\/li><li><p>Preven\u00e7\u00e3o e combate \u00e0 lavagem de dinheiro<\/p><\/li><li><p>Combate \u00e0 Corrup\u00e7\u00e3o<\/p><\/li><li><p>Rela\u00e7\u00e3o com os clientes, fornecedores e parceiros<\/p><\/li><li><p>Ambiente de trabalho<\/p><\/li><li><p>Canal de Den\u00fancia<\/p><\/li><li><p>Responsabilidade do cumprimento compartilhado<\/p><\/li><\/ul>\t\t\t\t\t\t<\/div>\n\t\t\t\t<\/div>\n\t\t\t\t<div class=\"elementor-element elementor-element-eb44dc3 elementor-button-info elementor-align-center elementor-widget elementor-widget-button\" data-id=\"eb44dc3\" data-element_type=\"widget\" data-widget_type=\"button.default\">\n\t\t\t\t<div class=\"elementor-widget-container\">\n\t\t\t\t\t<div class=\"elementor-button-wrapper\">\n\t\t\t<a href=\"http:\/\/canaldedenuncia.stamotors.com.br\/wp-content\/uploads\/2025\/11\/Codigo-de-Etica-e-Conduta_Rev-05-Ago-25.pdf\" class=\"elementor-button-link elementor-button elementor-size-sm\" role=\"button\">\n\t\t\t\t\t\t<span class=\"elementor-button-content-wrapper\">\n\t\t\t\t\t\t<span class=\"elementor-button-text\">C\u00f3digo de \u00c9tica e Conduta<\/span>\n\t\t<\/span>\n\t\t\t\t\t<\/a>\n\t\t<\/div>\n\t\t\t\t<\/div>\n\t\t\t\t<\/div>\n\t\t\t\t\t<\/div>\n\t\t<\/div>\n\t\t\t\t\t\t\t<\/div>\n\t\t<\/section>\n\t\t\t\t\t\t<\/div>\n\t\t\t\t\t<\/div>\n\t\t","protected":false},"excerpt":{"rendered":"<p>Programa Compliance \u00a0 \u00a0 \u00a0 \u00a0 \u00a0Considerando os valores do Grupo A. C\u00e2ndido apresentamos o C\u00f3digo de \u00c9tica e Conduta, sendo a principal norma interna de respeito pelos valores sociais e pelo cumprimento da legalidade e da preven\u00e7\u00e3o de infra\u00e7\u00f5es. Nele consta os nossos princ\u00edpios gerais: Conflitos de Interesse M\u00eddias Sociais Seguran\u00e7a da Informa\u00e7\u00e3o Preven\u00e7\u00e3o&#8230;<\/p>\n","protected":false},"author":1,"featured_media":0,"parent":0,"menu_order":0,"comment_status":"closed","ping_status":"closed","template":"","meta":{"footnotes":""},"class_list":["post-85","page","type-page","status-publish","hentry"],"_links":{"self":[{"href":"https:\/\/canaldedenuncia.stamotors.com.br\/index.php\/wp-json\/wp\/v2\/pages\/85","targetHints":{"allow":["GET"]}}],"collection":[{"href":"https:\/\/canaldedenuncia.stamotors.com.br\/index.php\/wp-json\/wp\/v2\/pages"}],"about":[{"href":"https:\/\/canaldedenuncia.stamotors.com.br\/index.php\/wp-json\/wp\/v2\/types\/page"}],"author":[{"embeddable":true,"href":"https:\/\/canaldedenuncia.stamotors.com.br\/index.php\/wp-json\/wp\/v2\/users\/1"}],"replies":[{"embeddable":true,"href":"https:\/\/canaldedenuncia.stamotors.com.br\/index.php\/wp-json\/wp\/v2\/comments?post=85"}],"version-history":[{"count":30,"href":"https:\/\/canaldedenuncia.stamotors.com.br\/index.php\/wp-json\/wp\/v2\/pages\/85\/revisions"}],"predecessor-version":[{"id":130,"href":"https:\/\/canaldedenuncia.stamotors.com.br\/index.php\/wp-json\/wp\/v2\/pages\/85\/revisions\/130"}],"wp:attachment":[{"href":"https:\/\/canaldedenuncia.stamotors.com.br\/index.php\/wp-json\/wp\/v2\/media?parent=85"}],"curies":[{"name":"wp","href":"https:\/\/api.w.org\/{rel}","templated":true}]}}