{"id":47,"date":"2021-07-01T10:57:33","date_gmt":"2021-07-01T13:57:33","guid":{"rendered":"http:\/\/canaldedenuncia.stamotors.com.br\/?page_id=47"},"modified":"2025-11-04T11:15:03","modified_gmt":"2025-11-04T14:15:03","slug":"elementor-47","status":"publish","type":"page","link":"https:\/\/canaldedenuncia.stamotors.com.br\/","title":{"rendered":"Canal de Den\u00fancia"},"content":{"rendered":"\t\t<div data-elementor-type=\"wp-page\" data-elementor-id=\"47\" class=\"elementor elementor-47\" data-elementor-settings=\"[]\">\n\t\t\t\t\t\t\t<div class=\"elementor-section-wrap\">\n\t\t\t\t\t\t\t<section class=\"elementor-section elementor-top-section elementor-element elementor-element-9bae732 elementor-section-boxed elementor-section-height-default elementor-section-height-default\" data-id=\"9bae732\" data-element_type=\"section\" data-settings=\"{&quot;scisco_shape_divider_top&quot;:&quot;none&quot;,&quot;scisco_shape_divider_bottom&quot;:&quot;none&quot;}\">\n\t\t\t\t\t\t<div class=\"elementor-container elementor-column-gap-default\">\n\t\t\t\t\t<div class=\"elementor-column elementor-col-100 elementor-top-column elementor-element elementor-element-3f8c864\" data-id=\"3f8c864\" data-element_type=\"column\">\n\t\t\t<div class=\"elementor-widget-wrap elementor-element-populated\">\n\t\t\t\t\t\t\t\t<div class=\"elementor-element elementor-element-f8c20fd elementor-widget elementor-widget-heading\" data-id=\"f8c20fd\" data-element_type=\"widget\" data-widget_type=\"heading.default\">\n\t\t\t\t<div class=\"elementor-widget-container\">\n\t\t\t<h3 class=\"elementor-heading-title elementor-size-default\">Canal de den\u00fancias - sta motors<\/h3>\t\t<\/div>\n\t\t\t\t<\/div>\n\t\t\t\t<div class=\"elementor-element elementor-element-07847f4 elementor-widget elementor-widget-text-editor\" data-id=\"07847f4\" data-element_type=\"widget\" data-widget_type=\"text-editor.default\">\n\t\t\t\t<div class=\"elementor-widget-container\">\n\t\t\t\t\t\t\t\t<table class=\"wp-list-table widefat fixed striped table-view-list forms\"><tbody id=\"the-list\" data-wp-lists=\"list:form\"><tr><td class=\"shortcode column-shortcode\" data-colname=\"Shortcode\"><div class=\"wpforms-container wpforms-container-full\" id=\"wpforms-46\"><form id=\"wpforms-form-46\" class=\"wpforms-validate wpforms-form\" data-formid=\"46\" method=\"post\" enctype=\"multipart\/form-data\" action=\"\/index.php\/wp-json\/wp\/v2\/pages\/47?wpforms_form_id=46\" data-token=\"ff94455696040be5ba72ca833cfbdf72\"><noscript class=\"wpforms-error-noscript\">Ative o JavaScript no seu navegador para preencher este formul\u00e1rio.<\/noscript><div class=\"wpforms-field-container\"><div id=\"wpforms-46-field_6-container\" class=\"wpforms-field wpforms-field-radio wpforms-conditional-trigger\" data-field-id=\"6\"><label class=\"wpforms-field-label\" for=\"wpforms-46-field_6\">Voc\u00ea deseja enviar a mensagem de forma an\u00f4nima?<\/label><ul id=\"wpforms-46-field_6\"><li class=\"choice-1 depth-1 wpforms-selected\"><input type=\"radio\" id=\"wpforms-46-field_6_1\" name=\"wpforms[fields][6]\" value=\"Sim\"   checked='checked'><label class=\"wpforms-field-label-inline\" for=\"wpforms-46-field_6_1\">Sim<\/label><\/li><li class=\"choice-2 depth-1\"><input type=\"radio\" id=\"wpforms-46-field_6_2\" name=\"wpforms[fields][6]\" value=\"N\u00e3o\"  ><label class=\"wpforms-field-label-inline\" for=\"wpforms-46-field_6_2\">N\u00e3o<\/label><\/li><\/ul><\/div><div id=\"wpforms-46-field_0-container\" class=\"wpforms-field wpforms-field-name wpforms-conditional-field wpforms-conditional-show\" data-field-id=\"0\" style=\"display:none;\"><label class=\"wpforms-field-label\" for=\"wpforms-46-field_0\">Nome<\/label><input type=\"text\" id=\"wpforms-46-field_0\" class=\"wpforms-field-medium\" name=\"wpforms[fields][0]\" ><\/div><div id=\"wpforms-46-field_7-container\" class=\"wpforms-field wpforms-field-name wpforms-conditional-field wpforms-conditional-show\" data-field-id=\"7\" style=\"display:none;\"><label class=\"wpforms-field-label\" for=\"wpforms-46-field_7\">E-mail<\/label><input type=\"text\" id=\"wpforms-46-field_7\" class=\"wpforms-field-medium\" name=\"wpforms[fields][7]\" ><\/div><div id=\"wpforms-46-field_9-container\" class=\"wpforms-field wpforms-field-name wpforms-conditional-field wpforms-conditional-show\" data-field-id=\"9\" style=\"display:none;\"><label class=\"wpforms-field-label\" for=\"wpforms-46-field_9\">Telefone<\/label><input type=\"text\" id=\"wpforms-46-field_9\" class=\"wpforms-field-medium\" name=\"wpforms[fields][9]\" ><\/div><div id=\"wpforms-46-field_11-container\" class=\"wpforms-field wpforms-field-text\" data-field-id=\"11\"><label class=\"wpforms-field-label\" for=\"wpforms-46-field_11\">Local da ocorr\u00eancia<\/label><input type=\"text\" id=\"wpforms-46-field_11\" class=\"wpforms-field-medium\" name=\"wpforms[fields][11]\" ><\/div><div id=\"wpforms-46-field_12-container\" class=\"wpforms-field wpforms-field-text\" data-field-id=\"12\"><label class=\"wpforms-field-label\" for=\"wpforms-46-field_12\">Nome da(s) pessoa(s) denunciada(s).<\/label><input type=\"text\" id=\"wpforms-46-field_12\" class=\"wpforms-field-medium\" name=\"wpforms[fields][12]\" ><\/div><div id=\"wpforms-46-field_15-container\" class=\"wpforms-field wpforms-field-radio wpforms-conditional-trigger\" data-field-id=\"15\"><label class=\"wpforms-field-label\" for=\"wpforms-46-field_15\">Acredita que possa ter mais algu\u00e9m envolvido?<\/label><ul id=\"wpforms-46-field_15\"><li class=\"choice-1 depth-1\"><input type=\"radio\" id=\"wpforms-46-field_15_1\" name=\"wpforms[fields][15]\" value=\"Sim\"  ><label class=\"wpforms-field-label-inline\" for=\"wpforms-46-field_15_1\">Sim<\/label><\/li><li class=\"choice-2 depth-1\"><input type=\"radio\" id=\"wpforms-46-field_15_2\" name=\"wpforms[fields][15]\" value=\"N\u00e3o\"  ><label class=\"wpforms-field-label-inline\" for=\"wpforms-46-field_15_2\">N\u00e3o<\/label><\/li><\/ul><\/div><div id=\"wpforms-46-field_16-container\" class=\"wpforms-field wpforms-field-text wpforms-conditional-field wpforms-conditional-show\" data-field-id=\"16\" style=\"display:none;\"><label class=\"wpforms-field-label\" for=\"wpforms-46-field_16\">Voc\u00ea sabe o(s) nome(s) do(s) envolvido(s)?<\/label><input type=\"text\" id=\"wpforms-46-field_16\" class=\"wpforms-field-medium\" name=\"wpforms[fields][16]\" ><\/div><div id=\"wpforms-46-field_19-container\" class=\"wpforms-field wpforms-field-radio\" data-field-id=\"19\"><label class=\"wpforms-field-label\" for=\"wpforms-46-field_19\">O caso \u00e9 de conhecimento do gestor da \u00e1rea?<\/label><ul id=\"wpforms-46-field_19\"><li class=\"choice-1 depth-1\"><input type=\"radio\" id=\"wpforms-46-field_19_1\" name=\"wpforms[fields][19]\" value=\"Sim\"  ><label class=\"wpforms-field-label-inline\" for=\"wpforms-46-field_19_1\">Sim<\/label><\/li><li class=\"choice-2 depth-1\"><input type=\"radio\" id=\"wpforms-46-field_19_2\" name=\"wpforms[fields][19]\" value=\"N\u00e3o\"  ><label class=\"wpforms-field-label-inline\" for=\"wpforms-46-field_19_2\">N\u00e3o<\/label><\/li><\/ul><\/div><div id=\"wpforms-46-field_20-container\" class=\"wpforms-field wpforms-field-text\" data-field-id=\"20\"><label class=\"wpforms-field-label\" for=\"wpforms-46-field_20\">Como soube do ocorrido?<\/label><input type=\"text\" id=\"wpforms-46-field_20\" class=\"wpforms-field-medium\" name=\"wpforms[fields][20]\" ><\/div><div id=\"wpforms-46-field_21-container\" class=\"wpforms-field wpforms-field-text\" data-field-id=\"21\"><label class=\"wpforms-field-label\" for=\"wpforms-46-field_21\">H\u00e1 identifica\u00e7\u00e3o de testemunha(s)? (Nome, sobrenome e telefone).<\/label><input type=\"text\" id=\"wpforms-46-field_21\" class=\"wpforms-field-medium\" name=\"wpforms[fields][21]\" ><\/div><div id=\"wpforms-46-field_22-container\" class=\"wpforms-field wpforms-field-checkbox\" data-field-id=\"22\"><label class=\"wpforms-field-label\" for=\"wpforms-46-field_22\">Assinale o tipo de relato:<\/label><ul id=\"wpforms-46-field_22\"><li class=\"choice-1 depth-1\"><input type=\"checkbox\" id=\"wpforms-46-field_22_1\" name=\"wpforms[fields][22][]\" value=\"1. Ass\u00e9dio moral\"  ><label class=\"wpforms-field-label-inline\" for=\"wpforms-46-field_22_1\">1. Ass\u00e9dio moral<\/label><\/li><li class=\"choice-2 depth-1\"><input type=\"checkbox\" id=\"wpforms-46-field_22_2\" name=\"wpforms[fields][22][]\" value=\"2. Ass\u00e9dio sexual\"  ><label class=\"wpforms-field-label-inline\" for=\"wpforms-46-field_22_2\">2. Ass\u00e9dio sexual<\/label><\/li><li class=\"choice-3 depth-1\"><input type=\"checkbox\" id=\"wpforms-46-field_22_3\" name=\"wpforms[fields][22][]\" value=\"3. Desvio ou destrui\u00e7\u00e3o do patrim\u00f4nio do grupo\"  ><label class=\"wpforms-field-label-inline\" for=\"wpforms-46-field_22_3\">3. Desvio ou destrui\u00e7\u00e3o do patrim\u00f4nio do grupo<\/label><\/li><li class=\"choice-4 depth-1\"><input type=\"checkbox\" id=\"wpforms-46-field_22_4\" name=\"wpforms[fields][22][]\" value=\"4. Favorecimento ou conflito de interesse\"  ><label class=\"wpforms-field-label-inline\" for=\"wpforms-46-field_22_4\">4. Favorecimento ou conflito de interesse<\/label><\/li><li class=\"choice-5 depth-1\"><input type=\"checkbox\" id=\"wpforms-46-field_22_5\" name=\"wpforms[fields][22][]\" value=\"5. Fraude\"  ><label class=\"wpforms-field-label-inline\" for=\"wpforms-46-field_22_5\">5. Fraude<\/label><\/li><li class=\"choice-6 depth-1\"><input type=\"checkbox\" id=\"wpforms-46-field_22_6\" name=\"wpforms[fields][22][]\" value=\"6. Pagamento ou recebimento impr\u00f3prio\"  ><label class=\"wpforms-field-label-inline\" for=\"wpforms-46-field_22_6\">6. Pagamento ou recebimento impr\u00f3prio<\/label><\/li><li class=\"choice-7 depth-1\"><input type=\"checkbox\" id=\"wpforms-46-field_22_7\" name=\"wpforms[fields][22][]\" value=\"7. Vazamento ou uso indevido de informa\u00e7\u00f5es\"  ><label class=\"wpforms-field-label-inline\" for=\"wpforms-46-field_22_7\">7. Vazamento ou uso indevido de informa\u00e7\u00f5es<\/label><\/li><li class=\"choice-8 depth-1\"><input type=\"checkbox\" id=\"wpforms-46-field_22_8\" name=\"wpforms[fields][22][]\" value=\"8. Roubo ou Furto\"  ><label class=\"wpforms-field-label-inline\" for=\"wpforms-46-field_22_8\">8. Roubo ou Furto<\/label><\/li><li class=\"choice-9 depth-1\"><input type=\"checkbox\" id=\"wpforms-46-field_22_9\" name=\"wpforms[fields][22][]\" value=\"9. Outros\"  ><label class=\"wpforms-field-label-inline\" for=\"wpforms-46-field_22_9\">9. Outros<\/label><\/li><\/ul><\/div><div id=\"wpforms-46-field_10-container\" class=\"wpforms-field wpforms-field-textarea\" data-field-id=\"10\"><label class=\"wpforms-field-label\" for=\"wpforms-46-field_10\">Descreva o fato o mais detalhado poss\u00edvel.<\/label><textarea id=\"wpforms-46-field_10\" class=\"wpforms-field-medium\" name=\"wpforms[fields][10]\" ><\/textarea><\/div><div id=\"wpforms-46-field_23-container\" class=\"wpforms-field wpforms-field-file-upload\" data-field-id=\"23\"><label class=\"wpforms-field-label\" for=\"wpforms-46-field_23\">Anexe fotos ou documentos.<\/label><div class=\"wpforms-uploader\"\n\tdata-field-id=\"23\"\n\tdata-form-id=\"46\"\n\tdata-input-name=\"wpforms_46_23\"\n\tdata-extensions=\"\"\n\tdata-max-size=\"10485760\"\n\tdata-max-file-number=\"1\"\n\tdata-post-max-size=\"8388608\"\n    data-max-parallel-uploads=\"4\"\n    data-parallel-uploads=\"true\"\n\tdata-file-chunk-size=\"2097152\">\n\t<div class=\"dz-message\">\n\t\t<svg viewBox=\"0 0 1024 1024\" focusable=\"false\" class=\"\" data-icon=\"inbox\" width=\"50px\" height=\"50px\" fill=\"#B1B1B1\" aria-hidden=\"true\"><path d=\"M885.2 446.3l-.2-.8-112.2-285.1c-5-16.1-19.9-27.2-36.8-27.2H281.2c-17 0-32.1 11.3-36.9 27.6L139.4 443l-.3.7-.2.8c-1.3 4.9-1.7 9.9-1 14.8-.1 1.6-.2 3.2-.2 4.8V830a60.9 60.9 0 0 0 60.8 60.8h627.2c33.5 0 60.8-27.3 60.9-60.8V464.1c0-1.3 0-2.6-.1-3.7.4-4.9 0-9.6-1.3-14.1zm-295.8-43l-.3 15.7c-.8 44.9-31.8 75.1-77.1 75.1-22.1 0-41.1-7.1-54.8-20.6S436 441.2 435.6 419l-.3-15.7H229.5L309 210h399.2l81.7 193.3H589.4zm-375 76.8h157.3c24.3 57.1 76 90.8 140.4 90.8 33.7 0 65-9.4 90.3-27.2 22.2-15.6 39.5-37.4 50.7-63.6h156.5V814H214.4V480.1z\"><\/path><\/svg>\n\t\t<span class=\"modern-title\">\n\t\t\tClick or drag a file to this area to upload.\t\t<\/span>\n\n\t\t\t<\/div>\n<\/div>\n<input type=\"text\" class=\"dropzone-input\"\n\tstyle=\"position:absolute!important;clip:rect(0,0,0,0)!important;height:1px!important;width:1px!important;border:0!important;overflow:hidden!important;padding:0!important;margin:0!important;\"\n\tid=\"wpforms-46-field_23\"\n\tname=\"wpforms_46_23\" >\n<\/div><\/div><div class=\"wpforms-submit-container\" ><input type=\"hidden\" name=\"wpforms[id]\" value=\"46\"><input type=\"hidden\" name=\"wpforms[author]\" value=\"1\"><button type=\"submit\" name=\"wpforms[submit]\" class=\"wpforms-submit \" id=\"wpforms-submit-46\" value=\"wpforms-submit\" aria-live=\"assertive\" data-alt-text=\"Enviando...\" data-submit-text=\"Enviar Den\u00fancia\">Enviar Den\u00fancia<\/button><\/div><\/form><\/div>  <!-- .wpforms-container --><\/td><\/tr><\/tbody><\/table>\t\t\t\t\t\t<\/div>\n\t\t\t\t<\/div>\n\t\t\t\t\t<\/div>\n\t\t<\/div>\n\t\t\t\t\t\t\t<\/div>\n\t\t<\/section>\n\t\t\t\t\t\t<\/div>\n\t\t\t\t\t<\/div>\n\t\t","protected":false},"excerpt":{"rendered":"<p>Canal de den\u00fancias &#8211; sta motors<\/p>\n","protected":false},"author":1,"featured_media":0,"parent":0,"menu_order":0,"comment_status":"closed","ping_status":"closed","template":"","meta":{"footnotes":""},"class_list":["post-47","page","type-page","status-publish","hentry"],"_links":{"self":[{"href":"https:\/\/canaldedenuncia.stamotors.com.br\/index.php\/wp-json\/wp\/v2\/pages\/47","targetHints":{"allow":["GET"]}}],"collection":[{"href":"https:\/\/canaldedenuncia.stamotors.com.br\/index.php\/wp-json\/wp\/v2\/pages"}],"about":[{"href":"https:\/\/canaldedenuncia.stamotors.com.br\/index.php\/wp-json\/wp\/v2\/types\/page"}],"author":[{"embeddable":true,"href":"https:\/\/canaldedenuncia.stamotors.com.br\/index.php\/wp-json\/wp\/v2\/users\/1"}],"replies":[{"embeddable":true,"href":"https:\/\/canaldedenuncia.stamotors.com.br\/index.php\/wp-json\/wp\/v2\/comments?post=47"}],"version-history":[{"count":14,"href":"https:\/\/canaldedenuncia.stamotors.com.br\/index.php\/wp-json\/wp\/v2\/pages\/47\/revisions"}],"predecessor-version":[{"id":133,"href":"https:\/\/canaldedenuncia.stamotors.com.br\/index.php\/wp-json\/wp\/v2\/pages\/47\/revisions\/133"}],"wp:attachment":[{"href":"https:\/\/canaldedenuncia.stamotors.com.br\/index.php\/wp-json\/wp\/v2\/media?parent=47"}],"curies":[{"name":"wp","href":"https:\/\/api.w.org\/{rel}","templated":true}]}}